{"id":176,"date":"2022-06-22T10:08:59","date_gmt":"2022-06-22T08:08:59","guid":{"rendered":"https:\/\/www.happyones.be\/qui-sommes-nous\/"},"modified":"2023-12-12T21:37:06","modified_gmt":"2023-12-12T20:37:06","slug":"qui-sommes-nous","status":"publish","type":"page","link":"https:\/\/www.happyones.be\/fr\/qui-sommes-nous\/","title":{"rendered":"Qui sommes-nous ?"},"content":{"rendered":"<p>[et_pb_section fb_built=\u00a0\u00bb1&Prime; _builder_version=\u00a0\u00bb4.17.4&Prime; _module_preset=\u00a0\u00bbdefault\u00a0\u00bb background_color=\u00a0\u00bb#C1CBC5&Prime; custom_padding=\u00a0\u00bb30px||30px||true|\u00a0\u00bb da_disable_devices=\u00a0\u00bboff|off|off\u00a0\u00bb global_colors_info=\u00a0\u00bb{}\u00a0\u00bb da_is_popup=\u00a0\u00bboff\u00a0\u00bb da_exit_intent=\u00a0\u00bboff\u00a0\u00bb da_has_close=\u00a0\u00bbon\u00a0\u00bb da_alt_close=\u00a0\u00bboff\u00a0\u00bb da_dark_close=\u00a0\u00bboff\u00a0\u00bb da_not_modal=\u00a0\u00bbon\u00a0\u00bb da_is_singular=\u00a0\u00bboff\u00a0\u00bb da_with_loader=\u00a0\u00bboff\u00a0\u00bb da_has_shadow=\u00a0\u00bbon\u00a0\u00bb][et_pb_row column_structure=\u00a0\u00bb1_2,1_2&Prime; make_equal=\u00a0\u00bbon\u00a0\u00bb _builder_version=\u00a0\u00bb4.17.4&Prime; _module_preset=\u00a0\u00bbdefault\u00a0\u00bb custom_padding=\u00a0\u00bb0px||0px|||\u00a0\u00bb global_colors_info=\u00a0\u00bb{}\u00a0\u00bb][et_pb_column type=\u00a0\u00bb1_2&Prime; module_class=\u00a0\u00bbcentrer-verticalement\u00a0\u00bb _builder_version=\u00a0\u00bb4.17.4&Prime; _module_preset=\u00a0\u00bbdefault\u00a0\u00bb global_colors_info=\u00a0\u00bb{}\u00a0\u00bb][et_pb_image src=\u00a0\u00bbhttps:\/\/www.happyones.be\/wp-content\/uploads\/2022\/06\/Nath-1.png\u00a0\u00bb title_text=\u00a0\u00bbNath\u00a0\u00bb _builder_version=\u00a0\u00bb4.17.4&Prime; _module_preset=\u00a0\u00bbdefault\u00a0\u00bb global_colors_info=\u00a0\u00bb{}\u00a0\u00bb][\/et_pb_image][\/et_pb_column][et_pb_column type=\u00a0\u00bb1_2&Prime; module_class=\u00a0\u00bbcentrer-verticalement\u00a0\u00bb _builder_version=\u00a0\u00bb4.17.4&Prime; _module_preset=\u00a0\u00bbdefault\u00a0\u00bb global_colors_info=\u00a0\u00bb{}\u00a0\u00bb][et_pb_text _builder_version=\u00a0\u00bb4.17.4&Prime; _module_preset=\u00a0\u00bb24845b79-2cf3-43c2-b1d2-c39fb3309938&Prime; text_text_color=\u00a0\u00bb#FFFFFF\u00a0\u00bb header_2_text_align=\u00a0\u00bbcenter\u00a0\u00bb header_2_text_color=\u00a0\u00bb#FFFFFF\u00a0\u00bb header_3_text_align=\u00a0\u00bbcenter\u00a0\u00bb header_3_text_color=\u00a0\u00bb#FFFFFF\u00a0\u00bb header_3_font_size=\u00a0\u00bb24px\u00a0\u00bb header_3_letter_spacing=\u00a0\u00bb1px\u00a0\u00bb custom_margin=\u00a0\u00bb||0px||false|false\u00a0\u00bb global_colors_info=\u00a0\u00bb{}\u00a0\u00bb]<\/p>\n<h2><strong>La fondatrice<\/strong><\/h2>\n<p>[\/et_pb_text][et_pb_divider color=\u00a0\u00bb#E5A793&Prime; divider_weight=\u00a0\u00bb3px\u00a0\u00bb _builder_version=\u00a0\u00bb4.17.4&Prime; _module_preset=\u00a0\u00bbdefault\u00a0\u00bb width=\u00a0\u00bb50px\u00a0\u00bb module_alignment=\u00a0\u00bbcenter\u00a0\u00bb custom_margin=\u00a0\u00bb||20px||false|false\u00a0\u00bb global_colors_info=\u00a0\u00bb{}\u00a0\u00bb][\/et_pb_divider][et_pb_text _builder_version=\u00a0\u00bb4.17.4&Prime; _module_preset=\u00a0\u00bb24845b79-2cf3-43c2-b1d2-c39fb3309938&Prime; global_colors_info=\u00a0\u00bb{}\u00a0\u00bb]<\/p>\n<p>Je suis Nathalie, maman de 2 enfants, Timoth\u00e9 en Oph\u00e9lie.<\/p>\n<p>Le fait d\u2019\u00eatre une \u201dnouvelle\u201d maman m\u2019a ouvert les yeux sur le secteur de la pu\u00e9riculture et de la petite enfance. La difficult\u00e9 de combiner son activit\u00e9 en ayant un b\u00e9b\u00e9,de trouver une place en cr\u00e8che, de confier son enfant, la probl\u00e9matique de l\u2019encadrement, ainsi que de trouver des activit\u00e9s \u00e0 faire hors activit\u00e9 sportive qui ne commencent en g\u00e9n\u00e9ral pas avant 5 ans. Tout \u00e7a, mon mari et moi l\u2019avons v\u00e9cu avec notre 1er enfant.<\/p>\n<p>En accueillant notre 2\u00e8me b\u00e9b\u00e9, nous avons \u00e9t\u00e9 de nouveau confront\u00e9s aux m\u00eames probl\u00e9matiques.<\/p>\n<p>Alors plut\u00f4t que de regarder et de commenter,mon mari m\u2019a dit, vas-y, lance toi, c\u2019est le moment !<\/p>\n<p>\u00c7a faisait d\u00e9j\u00e0 quelques ann\u00e9es que je cherchais une activit\u00e9 qui avait un sens o\u00f9 je pouvais rendre service \u00e0 la communaut\u00e9. Mon mari avait raison, car j&rsquo;avais presque 40 ans, maman de 2 petits enfants et il \u00e9tait plus que temps d&rsquo;apporter ma pierre \u00e0 l&rsquo;\u00e9difice.<\/p>\n<p>J\u2019ai donc d\u00e9cid\u00e9 de lancer ma propre soci\u00e9t\u00e9 pour soutenir tous ces jeunes parents, b\u00e9b\u00e9s et enfants avec un nouveau concept qui r\u00e9pondra aux besoins des femmes enceintes, des parents, des b\u00e9b\u00e9s, des fr\u00e8res et s\u0153urs\u2026<\/p>\n<p>[\/et_pb_text][\/et_pb_column][\/et_pb_row][\/et_pb_section][et_pb_section fb_built=\u00a0\u00bb1&Prime; _builder_version=\u00a0\u00bb4.17.4&Prime; _module_preset=\u00a0\u00bbdefault\u00a0\u00bb da_disable_devices=\u00a0\u00bboff|off|off\u00a0\u00bb global_colors_info=\u00a0\u00bb{}\u00a0\u00bb da_is_popup=\u00a0\u00bboff\u00a0\u00bb da_exit_intent=\u00a0\u00bboff\u00a0\u00bb da_has_close=\u00a0\u00bbon\u00a0\u00bb da_alt_close=\u00a0\u00bboff\u00a0\u00bb da_dark_close=\u00a0\u00bboff\u00a0\u00bb da_not_modal=\u00a0\u00bbon\u00a0\u00bb da_is_singular=\u00a0\u00bboff\u00a0\u00bb da_with_loader=\u00a0\u00bboff\u00a0\u00bb da_has_shadow=\u00a0\u00bbon\u00a0\u00bb][et_pb_row column_structure=\u00a0\u00bb3_4,1_4&Prime; make_equal=\u00a0\u00bbon\u00a0\u00bb _builder_version=\u00a0\u00bb4.17.4&Prime; _module_preset=\u00a0\u00bbdefault\u00a0\u00bb global_colors_info=\u00a0\u00bb{}\u00a0\u00bb][et_pb_column type=\u00a0\u00bb3_4&Prime; module_class=\u00a0\u00bbcentrer-verticalement\u00a0\u00bb _builder_version=\u00a0\u00bb4.17.4&Prime; _module_preset=\u00a0\u00bbdefault\u00a0\u00bb global_colors_info=\u00a0\u00bb{}\u00a0\u00bb][et_pb_text _builder_version=\u00a0\u00bb4.17.4&Prime; _module_preset=\u00a0\u00bb24845b79-2cf3-43c2-b1d2-c39fb3309938&Prime; header_2_text_align=\u00a0\u00bbcenter\u00a0\u00bb header_2_text_color=\u00a0\u00bb#E5A793&Prime; global_colors_info=\u00a0\u00bb{}\u00a0\u00bb]<\/p>\n<h2>Mon bras droit dans la vie comme au travail : Sebastien<\/h2>\n<p>[\/et_pb_text][et_pb_divider color=\u00a0\u00bb#D1DCD3&Prime; divider_weight=\u00a0\u00bb3px\u00a0\u00bb _builder_version=\u00a0\u00bb4.17.4&Prime; _module_preset=\u00a0\u00bbdefault\u00a0\u00bb width=\u00a0\u00bb50px\u00a0\u00bb module_alignment=\u00a0\u00bbcenter\u00a0\u00bb custom_margin=\u00a0\u00bb||20px||false|false\u00a0\u00bb global_colors_info=\u00a0\u00bb{}\u00a0\u00bb][\/et_pb_divider][et_pb_text _builder_version=\u00a0\u00bb4.17.4&Prime; _module_preset=\u00a0\u00bb24845b79-2cf3-43c2-b1d2-c39fb3309938&Prime; text_orientation=\u00a0\u00bbcenter\u00a0\u00bb global_colors_info=\u00a0\u00bb{}\u00a0\u00bb]<\/p>\n<p>Sans lui, je ne me serais vraisemblablement jamais lanc\u00e9e.<br \/>Il est non seulement mon mari, le p\u00e8re de mes enfants mais aussi celui qui m\u2019encourage et me soutient au quotidien.<br \/>Sa vision plus analytique des choses me permet de garder les pieds sur terre et de faire les bons choix.<\/p>\n<p>[\/et_pb_text][\/et_pb_column][et_pb_column type=\u00a0\u00bb1_4&Prime; module_class=\u00a0\u00bbcentrer-verticalement\u00a0\u00bb _builder_version=\u00a0\u00bb4.17.4&Prime; _module_preset=\u00a0\u00bbdefault\u00a0\u00bb global_colors_info=\u00a0\u00bb{}\u00a0\u00bb][et_pb_image src=\u00a0\u00bbhttps:\/\/www.happyones.be\/wp-content\/uploads\/2022\/06\/Seb.png\u00a0\u00bb title_text=\u00a0\u00bbSeb\u00a0\u00bb _builder_version=\u00a0\u00bb4.17.4&Prime; _module_preset=\u00a0\u00bbdefault\u00a0\u00bb global_colors_info=\u00a0\u00bb{}\u00a0\u00bb][\/et_pb_image][\/et_pb_column][\/et_pb_row][et_pb_row column_structure=\u00a0\u00bb1_4,3_4&Prime; make_equal=\u00a0\u00bbon\u00a0\u00bb _builder_version=\u00a0\u00bb4.17.4&Prime; _module_preset=\u00a0\u00bbdefault\u00a0\u00bb global_colors_info=\u00a0\u00bb{}\u00a0\u00bb][et_pb_column type=\u00a0\u00bb1_4&Prime; module_class=\u00a0\u00bbcentrer-verticalement\u00a0\u00bb _builder_version=\u00a0\u00bb4.17.4&Prime; _module_preset=\u00a0\u00bbdefault\u00a0\u00bb global_colors_info=\u00a0\u00bb{}\u00a0\u00bb][et_pb_image src=\u00a0\u00bbhttps:\/\/www.happyones.be\/wp-content\/uploads\/2022\/06\/Timothe\u0301-et-Ophe\u0301lie.png\u00a0\u00bb title_text=\u00a0\u00bbTimothe\u0301 en Ophe\u0301lie\u00a0\u00bb _builder_version=\u00a0\u00bb4.17.4&Prime; _module_preset=\u00a0\u00bbdefault\u00a0\u00bb global_colors_info=\u00a0\u00bb{}\u00a0\u00bb][\/et_pb_image][\/et_pb_column][et_pb_column type=\u00a0\u00bb3_4&Prime; module_class=\u00a0\u00bbcentrer-verticalement\u00a0\u00bb _builder_version=\u00a0\u00bb4.17.4&Prime; _module_preset=\u00a0\u00bbdefault\u00a0\u00bb global_colors_info=\u00a0\u00bb{}\u00a0\u00bb][et_pb_text _builder_version=\u00a0\u00bb4.17.4&Prime; _module_preset=\u00a0\u00bb24845b79-2cf3-43c2-b1d2-c39fb3309938&Prime; header_2_text_align=\u00a0\u00bbcenter\u00a0\u00bb header_2_text_color=\u00a0\u00bb#E5A793&Prime; global_colors_info=\u00a0\u00bb{}\u00a0\u00bb]<\/p>\n<h2>Mon inspiration je la trouve aupr\u00e8s de mes enfants, Timoth\u00e9 &amp; Oph\u00e9lie<\/h2>\n<p>[\/et_pb_text][et_pb_divider color=\u00a0\u00bb#D1DCD3&Prime; divider_weight=\u00a0\u00bb3px\u00a0\u00bb _builder_version=\u00a0\u00bb4.17.4&Prime; _module_preset=\u00a0\u00bbdefault\u00a0\u00bb width=\u00a0\u00bb50px\u00a0\u00bb module_alignment=\u00a0\u00bbcenter\u00a0\u00bb custom_margin=\u00a0\u00bb||20px||false|false\u00a0\u00bb global_colors_info=\u00a0\u00bb{}\u00a0\u00bb][\/et_pb_divider][et_pb_text _builder_version=\u00a0\u00bb4.17.4&Prime; _module_preset=\u00a0\u00bb24845b79-2cf3-43c2-b1d2-c39fb3309938&Prime; text_orientation=\u00a0\u00bbcenter\u00a0\u00bb global_colors_info=\u00a0\u00bb{}\u00a0\u00bb]<\/p>\n<p>Sans doute le plus beau cadeau jamais eu dans ma vie. Sans eux, ma vie n\u2019aurait pas pris un tel tournant et jamais je n\u2019aurais \u00e9t\u00e9 autant inspir\u00e9e. Ils m\u2019apportent la motivation, me poussent \u00e0 me d\u00e9passer chaque jour tout en m\u2019apportant le r\u00e9confort n\u00e9cessaire avec leurs petits mots doux, leurs c\u00e2lins et leurs bisous.<\/p>\n<p>[\/et_pb_text][\/et_pb_column][\/et_pb_row][\/et_pb_section]<\/p>\n","protected":false},"excerpt":{"rendered":"<p>La fondatriceJe suis Nathalie, maman de 2 enfants, Timoth\u00e9 en Oph\u00e9lie. Le fait d\u2019\u00eatre une \u201dnouvelle\u201d maman m\u2019a ouvert les yeux sur le secteur de la pu\u00e9riculture et de la petite enfance. La difficult\u00e9 de combiner son activit\u00e9 en ayant un b\u00e9b\u00e9,de trouver une place en cr\u00e8che, de confier son enfant, la probl\u00e9matique de l\u2019encadrement, [&hellip;]<\/p>\n","protected":false},"author":2,"featured_media":0,"parent":0,"menu_order":0,"comment_status":"closed","ping_status":"closed","template":"","meta":{"_et_pb_use_builder":"on","_et_pb_old_content":"","_et_gb_content_width":"","footnotes":""},"class_list":["post-176","page","type-page","status-publish","hentry"],"_links":{"self":[{"href":"https:\/\/www.happyones.be\/fr\/wp-json\/wp\/v2\/pages\/176","targetHints":{"allow":["GET"]}}],"collection":[{"href":"https:\/\/www.happyones.be\/fr\/wp-json\/wp\/v2\/pages"}],"about":[{"href":"https:\/\/www.happyones.be\/fr\/wp-json\/wp\/v2\/types\/page"}],"author":[{"embeddable":true,"href":"https:\/\/www.happyones.be\/fr\/wp-json\/wp\/v2\/users\/2"}],"replies":[{"embeddable":true,"href":"https:\/\/www.happyones.be\/fr\/wp-json\/wp\/v2\/comments?post=176"}],"version-history":[{"count":3,"href":"https:\/\/www.happyones.be\/fr\/wp-json\/wp\/v2\/pages\/176\/revisions"}],"predecessor-version":[{"id":519,"href":"https:\/\/www.happyones.be\/fr\/wp-json\/wp\/v2\/pages\/176\/revisions\/519"}],"wp:attachment":[{"href":"https:\/\/www.happyones.be\/fr\/wp-json\/wp\/v2\/media?parent=176"}],"curies":[{"name":"wp","href":"https:\/\/api.w.org\/{rel}","templated":true}]}}