{"id":173,"date":"2022-06-22T10:08:45","date_gmt":"2022-06-22T08:08:45","guid":{"rendered":"https:\/\/www.happyones.be\/le-studio\/"},"modified":"2023-12-12T21:40:39","modified_gmt":"2023-12-12T20:40:39","slug":"le-studio","status":"publish","type":"page","link":"https:\/\/www.happyones.be\/fr\/le-studio\/","title":{"rendered":"Le studio"},"content":{"rendered":"<p>[et_pb_section fb_built=\u00a0\u00bb1&Prime; _builder_version=\u00a0\u00bb4.17.4&Prime; _module_preset=\u00a0\u00bbdefault\u00a0\u00bb background_color=\u00a0\u00bb#C1CBC5&Prime; custom_padding=\u00a0\u00bb30px||30px||true|\u00a0\u00bb da_disable_devices=\u00a0\u00bboff|off|off\u00a0\u00bb global_colors_info=\u00a0\u00bb{}\u00a0\u00bb da_is_popup=\u00a0\u00bboff\u00a0\u00bb da_exit_intent=\u00a0\u00bboff\u00a0\u00bb da_has_close=\u00a0\u00bbon\u00a0\u00bb da_alt_close=\u00a0\u00bboff\u00a0\u00bb da_dark_close=\u00a0\u00bboff\u00a0\u00bb da_not_modal=\u00a0\u00bbon\u00a0\u00bb da_is_singular=\u00a0\u00bboff\u00a0\u00bb da_with_loader=\u00a0\u00bboff\u00a0\u00bb da_has_shadow=\u00a0\u00bbon\u00a0\u00bb][et_pb_row column_structure=\u00a0\u00bb1_2,1_2&Prime; make_equal=\u00a0\u00bbon\u00a0\u00bb _builder_version=\u00a0\u00bb4.17.4&Prime; _module_preset=\u00a0\u00bbdefault\u00a0\u00bb custom_padding=\u00a0\u00bb0px||0px|||\u00a0\u00bb global_colors_info=\u00a0\u00bb{}\u00a0\u00bb][et_pb_column type=\u00a0\u00bb1_2&Prime; module_class=\u00a0\u00bbcentrer-verticalement\u00a0\u00bb _builder_version=\u00a0\u00bb4.17.4&Prime; _module_preset=\u00a0\u00bbdefault\u00a0\u00bb global_colors_info=\u00a0\u00bb{}\u00a0\u00bb][et_pb_image src=\u00a0\u00bbhttps:\/\/www.happyones.be\/wp-content\/uploads\/2022\/12\/laura-creataal-en-dans.png\u00a0\u00bb title_text=\u00a0\u00bblaura-creataal-en-dans\u00a0\u00bb _builder_version=\u00a0\u00bb4.19.1&Prime; _module_preset=\u00a0\u00bbdefault\u00a0\u00bb global_colors_info=\u00a0\u00bb{}\u00a0\u00bb][\/et_pb_image][\/et_pb_column][et_pb_column type=\u00a0\u00bb1_2&Prime; module_class=\u00a0\u00bbcentrer-verticalement\u00a0\u00bb _builder_version=\u00a0\u00bb4.17.4&Prime; _module_preset=\u00a0\u00bbdefault\u00a0\u00bb global_colors_info=\u00a0\u00bb{}\u00a0\u00bb][et_pb_text _builder_version=\u00a0\u00bb4.19.1&Prime; _module_preset=\u00a0\u00bb60eb6b46-f18d-45aa-a5e9-2f55cb60bf2a\u00a0\u00bb text_font=\u00a0\u00bb|600|||||||\u00a0\u00bb text_text_color=\u00a0\u00bb#E5A793&Prime; text_font_size=\u00a0\u00bb20px\u00a0\u00bb header_2_text_color=\u00a0\u00bb#FFFFFF\u00a0\u00bb text_orientation=\u00a0\u00bbcenter\u00a0\u00bb global_colors_info=\u00a0\u00bb{}\u00a0\u00bb]<\/p>\n<h2><strong><span>KLEUTER NAMIDDAG<\/span><\/strong><\/h2>\n<p>[\/et_pb_text][et_pb_divider color=\u00a0\u00bb#E5A793&Prime; divider_weight=\u00a0\u00bb3px\u00a0\u00bb _builder_version=\u00a0\u00bb4.17.4&Prime; _module_preset=\u00a0\u00bbdefault\u00a0\u00bb width=\u00a0\u00bb50px\u00a0\u00bb module_alignment=\u00a0\u00bbcenter\u00a0\u00bb custom_margin=\u00a0\u00bb||20px||false|false\u00a0\u00bb global_colors_info=\u00a0\u00bb{}\u00a0\u00bb][\/et_pb_divider][et_pb_text _builder_version=\u00a0\u00bb4.19.1&Prime; _module_preset=\u00a0\u00bb60eb6b46-f18d-45aa-a5e9-2f55cb60bf2a\u00a0\u00bb text_text_color=\u00a0\u00bb#FFFFFF\u00a0\u00bb text_font_size=\u00a0\u00bb18px\u00a0\u00bb text_orientation=\u00a0\u00bbcenter\u00a0\u00bb global_colors_info=\u00a0\u00bb{}\u00a0\u00bb]<\/p>\n<p><span>En tant que parent, il y a une question qui revient souvent \u00e0 partir du moment o\u00f9 nos petits bouts commencent l\u2019\u00e9cole : <strong>Que faire le mercredi apr\u00e8s-midi ?<\/strong> <\/span><\/p>\n<p><span>Qui pour les garder ? Prendre tous les mercredis apr\u00e8s-midi cong\u00e9 n\u2019est pas toujours faisable. Trouver une activit\u00e9 extra-scolaire ? Pas toujours \u00e9vident pour des enfants de moins de 6 ans et c\u2019est souvent pour une heure d\u2019activit\u00e9 et pas plus.<\/span><\/p>\n<p><span>Chez <strong>Happy Ones<\/strong> <strong>nous prenons en compte tout cela<\/strong>. Voil\u00e0 pourquoi nous vous proposons un mercredi apr\u00e8s-midi rempli d\u2019activit\u00e9s ludiques, artistiques et physiques.<\/span><\/p>\n<p><span>Vos enfants sont pris en charge de 14h \u00e0 17h.<\/span><\/p>\n<p>[\/et_pb_text][\/et_pb_column][\/et_pb_row][\/et_pb_section][et_pb_section fb_built=\u00a0\u00bb1&Prime; _builder_version=\u00a0\u00bb4.17.4&Prime; _module_preset=\u00a0\u00bbdefault\u00a0\u00bb da_disable_devices=\u00a0\u00bboff|off|off\u00a0\u00bb global_colors_info=\u00a0\u00bb{}\u00a0\u00bb da_is_popup=\u00a0\u00bboff\u00a0\u00bb da_exit_intent=\u00a0\u00bboff\u00a0\u00bb da_has_close=\u00a0\u00bbon\u00a0\u00bb da_alt_close=\u00a0\u00bboff\u00a0\u00bb da_dark_close=\u00a0\u00bboff\u00a0\u00bb da_not_modal=\u00a0\u00bbon\u00a0\u00bb da_is_singular=\u00a0\u00bboff\u00a0\u00bb da_with_loader=\u00a0\u00bboff\u00a0\u00bb da_has_shadow=\u00a0\u00bbon\u00a0\u00bb][et_pb_row column_structure=\u00a0\u00bb1_2,1_2&Prime; make_equal=\u00a0\u00bbon\u00a0\u00bb _builder_version=\u00a0\u00bb4.19.1&Prime; _module_preset=\u00a0\u00bbdefault\u00a0\u00bb global_colors_info=\u00a0\u00bb{}\u00a0\u00bb][et_pb_column type=\u00a0\u00bb1_2&Prime; module_class=\u00a0\u00bbcentrer-verticalement\u00a0\u00bb _builder_version=\u00a0\u00bb4.19.1&Prime; _module_preset=\u00a0\u00bbdefault\u00a0\u00bb global_colors_info=\u00a0\u00bb{}\u00a0\u00bb][et_pb_text _builder_version=\u00a0\u00bb4.19.1&Prime; _module_preset=\u00a0\u00bb60eb6b46-f18d-45aa-a5e9-2f55cb60bf2a\u00a0\u00bb global_colors_info=\u00a0\u00bb{}\u00a0\u00bb]<\/p>\n<h3><strong><span>Quel est le programme ?<\/span><\/strong><\/h3>\n<p><strong><span><\/span><\/strong><\/p>\n<ul>\n<li><span>L\u2019apr\u00e8s-midi commencera par cr\u00e9a langue. Bricolage, dessin, peinture, modelage, collage, etc tout cela en apprenant des mots d\u2019anglais sur un th\u00e8me diff\u00e9rent chaque semaine. L\u2019apr\u00e8s-midi commencera par cr\u00e9a langue. Bricolage, dessin, peinture, modelage, collage, etc tout cela en apprenant des mots d\u2019anglais sur un th\u00e8me diff\u00e9rent chaque semaine.<\/span><\/li>\n<li><span>Apr\u00e8s cette activit\u00e9 artistique et linguistique, c&rsquo;est d\u00e9j\u00e0 l&rsquo;heure pour un go\u00fbter bien m\u00e9rit\u00e9 fourni par Happy Ones.<\/span><\/li>\n<li><span>Apr\u00e8s cette petite pause, c\u2019est reparti pour une heure de danse &amp; chansons pour se d\u00e9fouler tous ensemble sur des rythmes entrainants.<\/span><\/li>\n<\/ul>\n<h3><strong>Pour qui?<\/strong><\/h3>\n<ul>\n<li> Tous les enfants entre 3 et 7 ans.<\/li>\n<\/ul>\n<h3><strong>Quand?<\/strong><\/h3>\n<p>Chaque mercredi de<strong><\/strong> 14h00 \u00e0 17h00 (pas pendant les vacances scolaires n\u00e9erlandophones)<\/p>\n<h3><strong>Prix ?<\/strong><\/h3>\n<p>30 \u20ac par apr\u00e8s-midi (ou tarif avantageux de 250 \u20ac pour 10 s\u00e9ances)<\/p>\n<p><span><\/span><\/p>\n<p>[\/et_pb_text][\/et_pb_column][et_pb_column type=\u00a0\u00bb1_2&Prime; module_class=\u00a0\u00bbcentrer-verticalement\u00a0\u00bb _builder_version=\u00a0\u00bb4.19.1&Prime; _module_preset=\u00a0\u00bbdefault\u00a0\u00bb global_colors_info=\u00a0\u00bb{}\u00a0\u00bb][et_pb_image src=\u00a0\u00bbhttps:\/\/www.happyones.be\/wp-content\/uploads\/2022\/12\/happy-ones-studio.png\u00a0\u00bb title_text=\u00a0\u00bbhappy-ones-studio\u00a0\u00bb _builder_version=\u00a0\u00bb4.19.1&Prime; _module_preset=\u00a0\u00bbdefault\u00a0\u00bb global_colors_info=\u00a0\u00bb{}\u00a0\u00bb][\/et_pb_image][\/et_pb_column][\/et_pb_row][et_pb_row column_structure=\u00a0\u00bb1_2,1_2&Prime; make_equal=\u00a0\u00bbon\u00a0\u00bb _builder_version=\u00a0\u00bb4.19.1&Prime; _module_preset=\u00a0\u00bbdefault\u00a0\u00bb background_enable_color=\u00a0\u00bboff\u00a0\u00bb custom_padding=\u00a0\u00bb30px|50px|30px|50px|true|true\u00a0\u00bb global_colors_info=\u00a0\u00bb{}\u00a0\u00bb][et_pb_column type=\u00a0\u00bb1_2&Prime; module_class=\u00a0\u00bbcentrer-verticalement\u00a0\u00bb _builder_version=\u00a0\u00bb4.19.1&Prime; _module_preset=\u00a0\u00bbdefault\u00a0\u00bb global_colors_info=\u00a0\u00bb{}\u00a0\u00bb][et_pb_image src=\u00a0\u00bbhttps:\/\/www.happyones.be\/wp-content\/uploads\/2022\/12\/laura.png\u00a0\u00bb title_text=\u00a0\u00bbLaura Budroni\u00a0\u00bb _builder_version=\u00a0\u00bb4.19.1&Prime; _module_preset=\u00a0\u00bbdefault\u00a0\u00bb global_colors_info=\u00a0\u00bb{}\u00a0\u00bb][\/et_pb_image][\/et_pb_column][et_pb_column type=\u00a0\u00bb1_2&Prime; module_class=\u00a0\u00bbcentrer-verticalement\u00a0\u00bb _builder_version=\u00a0\u00bb4.19.1&Prime; _module_preset=\u00a0\u00bbdefault\u00a0\u00bb global_colors_info=\u00a0\u00bb{}\u00a0\u00bb][et_pb_text _builder_version=\u00a0\u00bb4.19.1&Prime; _module_preset=\u00a0\u00bb60eb6b46-f18d-45aa-a5e9-2f55cb60bf2a\u00a0\u00bb header_2_text_align=\u00a0\u00bbcenter\u00a0\u00bb header_2_text_color=\u00a0\u00bb#E5A793&Prime; global_colors_info=\u00a0\u00bb{}\u00a0\u00bb]<\/p>\n<p><span>Les cours sont cr\u00e9\u00e9s, donn\u00e9s et encadr\u00e9s par <strong>Laura Budroni<\/strong>.<\/span><\/p>\n<p><span>Laura est la maman de Robin. Artiste et cr\u00e9ative depuis toujours, elle a commenc\u00e9 les cours de dessin \u00e0 l\u2019\u00e2ge de 5 ans pour continuer des \u00e9tudes artistiques en secondaire et de mode en sup\u00e9rieur.<\/span><\/p>\n<p><span>L\u2019art et l\u2019envie de transmettre sa cr\u00e9ativit\u00e9 a toujours fait partie d\u2019elle. Pour Laura, c\u2019est un moyen d\u2019apprendre davantage que simplement de faire un dessin ou une peinture. Voil\u00e0 pourquoi elle a cr\u00e9\u00e9, avec Happy Ones, un cours unique qui m\u00eale la cr\u00e9ativit\u00e9 et l\u2019apprentissage d\u2019une langue. Pour commencer, on part sur de l\u2019anglais. Car c\u2019est tellement plus ludique d\u2019apprendre en s\u2019amusant. Le cours de <strong>cr\u00e9a langue<\/strong> est fait pour \u00e7a.<\/span><\/p>\n<p><span>Pour commencer, on part sur de l\u2019anglais. Car c\u2019est tellement plus ludique d\u2019apprendre en s\u2019amusant. Le cours de cr\u00e9a langue est fait pour \u00e7a. <strong>Place au mouvement et \u00e0 la musique<\/strong> pour terminer cette apr\u00e8s-midi dans la bonne humeur &amp; \u00e9nergie positive.<\/span><\/p>\n<p><u>Coordinatrice<\/u> : <strong>Laura Budroni<\/strong> \u2013 maman | artiste | esprit cr\u00e9atif<\/p>\n<p>[\/et_pb_text][et_pb_button button_url=\u00a0\u00bbhttps:\/\/www.happyones.be\/fr\/contact\/\u00a0\u00bb button_text=\u00a0\u00bbNous contacter\u00a0\u00bb button_alignment=\u00a0\u00bbcenter\u00a0\u00bb _builder_version=\u00a0\u00bb4.19.1&Prime; _module_preset=\u00a0\u00bbdefault\u00a0\u00bb custom_button=\u00a0\u00bbon\u00a0\u00bb button_text_size=\u00a0\u00bb16px\u00a0\u00bb button_text_color=\u00a0\u00bb#FFFFFF\u00a0\u00bb button_bg_color=\u00a0\u00bb#E5A793&Prime; button_border_width=\u00a0\u00bb0px\u00a0\u00bb button_border_radius=\u00a0\u00bb0px\u00a0\u00bb button_letter_spacing=\u00a0\u00bb1px\u00a0\u00bb button_font=\u00a0\u00bb|||on|||||\u00a0\u00bb global_colors_info=\u00a0\u00bb{}\u00a0\u00bb][\/et_pb_button][\/et_pb_column][\/et_pb_row][\/et_pb_section][et_pb_section fb_built=\u00a0\u00bb1&Prime; admin_label=\u00a0\u00bbPopup &#8211; #test-knop\u00a0\u00bb module_id=\u00a0\u00bbbouton-test\u00a0\u00bb module_class=\u00a0\u00bbpopup\u00a0\u00bb _builder_version=\u00a0\u00bb4.19.1&Prime; _module_preset=\u00a0\u00bbdefault\u00a0\u00bb da_is_popup=\u00a0\u00bbon\u00a0\u00bb da_popup_slug=\u00a0\u00bbtest-knop\u00a0\u00bb da_disable_devices=\u00a0\u00bboff|off|off\u00a0\u00bb global_colors_info=\u00a0\u00bb{}\u00a0\u00bb da_exit_intent=\u00a0\u00bboff\u00a0\u00bb da_has_close=\u00a0\u00bbon\u00a0\u00bb da_alt_close=\u00a0\u00bboff\u00a0\u00bb da_dark_close=\u00a0\u00bboff\u00a0\u00bb da_not_modal=\u00a0\u00bbon\u00a0\u00bb da_is_singular=\u00a0\u00bboff\u00a0\u00bb da_with_loader=\u00a0\u00bboff\u00a0\u00bb da_has_shadow=\u00a0\u00bbon\u00a0\u00bb][et_pb_row _builder_version=\u00a0\u00bb4.19.1&Prime; _module_preset=\u00a0\u00bbdefault\u00a0\u00bb global_colors_info=\u00a0\u00bb{}\u00a0\u00bb][et_pb_column type=\u00a0\u00bb4_4&Prime; _builder_version=\u00a0\u00bb4.19.1&Prime; _module_preset=\u00a0\u00bbdefault\u00a0\u00bb global_colors_info=\u00a0\u00bb{}\u00a0\u00bb][et_pb_text _builder_version=\u00a0\u00bb4.19.1&Prime; _module_preset=\u00a0\u00bbdefault\u00a0\u00bb global_colors_info=\u00a0\u00bb{}\u00a0\u00bb]<\/p>\n<p>Votre contenu vient ici. Modifiez ou supprimez ce texte en ligne ou dans le module \u00ab\u00a0Content Settings\u00a0\u00bb. Vous pouvez \u00e9galement styliser chaque aspect de ce contenu dans le module \u00ab\u00a0Design Settings\u00a0\u00bb et m\u00eame appliquer un CSS personnalis\u00e9 \u00e0 ce texte dans le module \u00ab\u00a0Advanced Settings\u00a0\u00bb.<\/p>\n<p>[\/et_pb_text][\/et_pb_column][\/et_pb_row][\/et_pb_section]<\/p>\n","protected":false},"excerpt":{"rendered":"<p>KLEUTER NAMIDDAGEn tant que parent, il y a une question qui revient souvent \u00e0 partir du moment o\u00f9 nos petits bouts commencent l\u2019\u00e9cole : Que faire le mercredi apr\u00e8s-midi ? Qui pour les garder ? Prendre tous les mercredis apr\u00e8s-midi cong\u00e9 n\u2019est pas toujours faisable. Trouver une activit\u00e9 extra-scolaire ? Pas toujours \u00e9vident pour des [&hellip;]<\/p>\n","protected":false},"author":2,"featured_media":0,"parent":0,"menu_order":0,"comment_status":"closed","ping_status":"closed","template":"","meta":{"_et_pb_use_builder":"on","_et_pb_old_content":"","_et_gb_content_width":"","footnotes":""},"class_list":["post-173","page","type-page","status-publish","hentry"],"_links":{"self":[{"href":"https:\/\/www.happyones.be\/fr\/wp-json\/wp\/v2\/pages\/173","targetHints":{"allow":["GET"]}}],"collection":[{"href":"https:\/\/www.happyones.be\/fr\/wp-json\/wp\/v2\/pages"}],"about":[{"href":"https:\/\/www.happyones.be\/fr\/wp-json\/wp\/v2\/types\/page"}],"author":[{"embeddable":true,"href":"https:\/\/www.happyones.be\/fr\/wp-json\/wp\/v2\/users\/2"}],"replies":[{"embeddable":true,"href":"https:\/\/www.happyones.be\/fr\/wp-json\/wp\/v2\/comments?post=173"}],"version-history":[{"count":3,"href":"https:\/\/www.happyones.be\/fr\/wp-json\/wp\/v2\/pages\/173\/revisions"}],"predecessor-version":[{"id":521,"href":"https:\/\/www.happyones.be\/fr\/wp-json\/wp\/v2\/pages\/173\/revisions\/521"}],"wp:attachment":[{"href":"https:\/\/www.happyones.be\/fr\/wp-json\/wp\/v2\/media?parent=173"}],"curies":[{"name":"wp","href":"https:\/\/api.w.org\/{rel}","templated":true}]}}